{"id":56,"date":"2020-06-16T11:21:36","date_gmt":"2020-06-16T09:21:36","guid":{"rendered":"http:\/\/dev.fccie.fr\/?page_id=56"},"modified":"2023-09-11T17:37:00","modified_gmt":"2023-09-11T15:37:00","slug":"accueil","status":"publish","type":"page","link":"https:\/\/fccie.fr\/","title":{"rendered":"Accueil"},"content":{"rendered":"<p><!--vcv no format--><!-- vcwb\/dynamicElementComment:230815f8 --><\/p>\n<div class=\"vce-row-container\" data-vce-boxed-width=\"true\">\n<div class=\"vce-row vce-row--col-gap-30 vce-row-equal-height vce-row-content--top\" id=\"el-230815f8\" data-vce-do-apply=\"all el-230815f8\">\n<div class=\"vce-row-content\" data-vce-element-content=\"true\"><!-- vcwb\/dynamicElementComment:09d7997c --><\/p>\n<div class=\"vce-col vce-col--md-auto vce-col--xs-1 vce-col--xs-last vce-col--xs-first vce-col--sm-last vce-col--sm-first vce-col--md-last vce-col--lg-last vce-col--xl-last vce-col--md-first vce-col--lg-first vce-col--xl-first\" id=\"el-09d7997c\">\n<div class=\"vce-col-inner\" data-vce-do-apply=\"border margin background  el-09d7997c\">\n<div class=\"vce-col-content\" data-vce-element-content=\"true\" data-vce-do-apply=\"padding el-09d7997c\"><!-- vcwb\/dynamicElementComment:0d1bf4fa --><\/p>\n<div class=\"vce-text-block\">\n<div class=\"vce-text-block-wrapper vce\" id=\"el-0d1bf4fa\" data-vce-do-apply=\"all el-0d1bf4fa\">\n<p>[vc_row content_placement=\u00a0\u00bbmiddle\u00a0\u00bb][vc_column][vc_column_text css_animation=\u00a0\u00bbslideInRight\u00a0\u00bb]<a name=\"acceuil\"><\/a><\/p>\n<p style=\"text-shadow: black 2px 2px 2px; text-align: center; padding: 50px; font-weight: bold;\"><span style=\"color: #ffffff;\"><strong>FCCIE <\/strong>est un bureau d&rsquo;\u00e9tudes sp\u00e9cialis\u00e9 dans les installations \u00e9lectriques, dans les domaines des courants forts et des courants faibles ainsi que dans la tuyauterie industrielle. FCCIE accompagne ses clients dan leurs projets dans toute la r\u00e9gion Nord-Pas-de-Calais et en Belgique.<\/span><\/p>\n<p>[\/vc_column_text][\/vc_column][\/vc_row][vc_row][vc_column][vc_separator][\/vc_column][\/vc_row][vc_row][vc_column][vc_column_text css=\u00a0\u00bb.vc_custom_1603284793089{background-color: rgba(56,157,234,0.8) !important;*background-color: rgb(56,157,234) !important;border-radius: 2px !important;}\u00a0\u00bb]<a name=\"activite\"><\/a><\/p>\n<h1 style=\"text-align: center; text-shadow: 1px 1px 2px black;\"><span style=\"color: #ffffff;\">Nos activit\u00e9s<\/span><\/h1>\n<div style=\"text-shadow: 1px 1px 2px black; padding: 50px;\">\n<h1><span style=\"color: #ffffff;\">Comp\u00e9tence<\/span><\/h1>\n<ul>\n<li><span style=\"color: #ffffff;\">Analyse de la faisabilit\u00e9 d&rsquo;un projet.<\/span><\/li>\n<li><span style=\"color: #ffffff;\">Chiffrage \u00e9conomique et technique.<\/span><\/li>\n<li><span style=\"color: #ffffff;\">Economie et gestion de projets techniques<\/span><\/li>\n<li><span style=\"color: #ffffff;\">Recherche et analyse de solutions techniques, co\u00fbts techniques, audits, faisabilit\u00e9<\/span><\/li>\n<li><span style=\"color: #ffffff;\">Dossier de consultation des entreprises, appels d&rsquo;offres<\/span><\/li>\n<\/ul>\n<h2><span style=\"color: #ffffff;\">Courant fort<\/span><\/h2>\n<ul>\n<li><span style=\"color: #ffffff;\">Distribution basse tension<\/span><\/li>\n<li><span style=\"color: #ffffff;\">Etude de syst\u00e8mes d&rsquo;\u00e9clairages<\/span><\/li>\n<li><span style=\"color: #ffffff;\">Dimensionnement des r\u00e9seaux Haute &#8211; Qualit\u00e9<\/span><\/li>\n<li><span style=\"color: #ffffff;\">Alimentation des forces motrices<\/span><\/li>\n<\/ul>\n<h2><span style=\"color: #ffffff;\">Courant faible<\/span><\/h2>\n<ul>\n<li><span style=\"color: #ffffff;\">C\u00e2blage VDI<\/span><\/li>\n<li><span style=\"color: #ffffff;\">Equipement t\u00e9l\u00e9phonique fil<\/span><\/li>\n<li><span style=\"color: #ffffff;\">Syst\u00e8me de S\u00e9curit\u00e9 Incendie<\/span><\/li>\n<li><span style=\"color: #ffffff;\">Alarme, intrusion, Contr\u00f4le d&rsquo;acc\u00e8s, Vid\u00e9osurveillance<\/span><\/li>\n<li><span style=\"color: #ffffff;\">Gestion technique ou de confort<\/span><\/li>\n<li><span style=\"color: #ffffff;\">Production et transformation d&rsquo;\u00e9nergie<\/span><\/li>\n<li><span style=\"color: #ffffff;\">Pose de transformation HT\/BT<\/span><\/li>\n<li><span style=\"color: #ffffff;\">Groupe \u00e9lectrog\u00e8ne<\/span><\/li>\n<\/ul>\n<h2><span style=\"color: #ffffff;\">Moyens<\/span><\/h2>\n<ul>\n<li><span style=\"color: #ffffff;\">Etude Techniques r\u00e9alis\u00e9es \u00e0 l&rsquo;aide des logiciels Autocad, Solidworks, Office, &#8230; et d&rsquo;un mat\u00e9riel informatique performant<\/span><\/li>\n<li><span style=\"color: #ffffff;\">Possibilit\u00e9 de travailler sur tous les plans architecturaux<\/span><\/li>\n<\/ul>\n<\/div>\n<p>[\/vc_column_text][\/vc_column][\/vc_row]<\/p>\n<\/div>\n<\/div>\n<p><!-- \/vcwb\/dynamicElementComment:0d1bf4fa --><\/div>\n<\/div>\n<\/div>\n<p><!-- \/vcwb\/dynamicElementComment:09d7997c --><\/div>\n<\/div>\n<\/div>\n<p><!-- \/vcwb\/dynamicElementComment:230815f8 --><!--vcv no format--><\/p>\n","protected":false},"excerpt":{"rendered":"<p>[vc_row content_placement=\u00a0\u00bbmiddle\u00a0\u00bb][vc_column][vc_column_text css_animation=\u00a0\u00bbslideInRight\u00a0\u00bb] FCCIE est un bureau d&rsquo;\u00e9tudes sp\u00e9cialis\u00e9 dans les installations \u00e9lectriques, dans les domaines des courants forts et des courants faibles ainsi que dans la tuyauterie industrielle. FCCIE accompagne ses clients dan leurs projets dans toute la r\u00e9gion Nord-Pas-de-Calais et en Belgique. [\/vc_column_text][\/vc_column][\/vc_row][vc_row][vc_column][vc_separator][\/vc_column][\/vc_row][vc_row][vc_column][vc_column_text css=\u00a0\u00bb.vc_custom_1603284793089{background-color: rgba(56,157,234,0.8) !important;*background-color: rgb(56,157,234) !important;border-radius: 2px !important;}\u00a0\u00bb] Nos activit\u00e9s Comp\u00e9tence&hellip;&nbsp;<a href=\"https:\/\/fccie.fr\/\" rel=\"bookmark\">Lire la suite &raquo;<span class=\"screen-reader-text\">Accueil<\/span><\/a><\/p>\n","protected":false},"author":1,"featured_media":0,"parent":0,"menu_order":0,"comment_status":"closed","ping_status":"closed","template":"","meta":{"neve_meta_sidebar":"full-width","neve_meta_container":"","neve_meta_enable_content_width":"on","neve_meta_content_width":100,"neve_meta_title_alignment":"","neve_meta_author_avatar":"","neve_post_elements_order":"","neve_meta_disable_header":"","neve_meta_disable_footer":"","neve_meta_disable_title":"","footnotes":""},"class_list":["post-56","page","type-page","status-publish","hentry"],"yoast_head":"<!-- This site is optimized with the Yoast SEO plugin v25.7 - https:\/\/yoast.com\/wordpress\/plugins\/seo\/ -->\n<title>Accueil - Fccie<\/title>\n<meta name=\"robots\" content=\"index, follow, max-snippet:-1, max-image-preview:large, max-video-preview:-1\" \/>\n<link rel=\"canonical\" href=\"https:\/\/fccie.fr\/\" \/>\n<meta property=\"og:locale\" content=\"fr_FR\" \/>\n<meta property=\"og:type\" content=\"article\" \/>\n<meta property=\"og:title\" content=\"Accueil - Fccie\" \/>\n<meta property=\"og:description\" content=\"[vc_row content_placement=\u00a0\u00bbmiddle\u00a0\u00bb][vc_column][vc_column_text css_animation=\u00a0\u00bbslideInRight\u00a0\u00bb] FCCIE est un bureau d&rsquo;\u00e9tudes sp\u00e9cialis\u00e9 dans les installations \u00e9lectriques, dans les domaines des courants forts et des courants faibles ainsi que dans la tuyauterie industrielle. FCCIE accompagne ses clients dan leurs projets dans toute la r\u00e9gion Nord-Pas-de-Calais et en Belgique. [\/vc_column_text][\/vc_column][\/vc_row][vc_row][vc_column][vc_separator][\/vc_column][\/vc_row][vc_row][vc_column][vc_column_text css=\u00a0\u00bb.vc_custom_1603284793089{background-color: rgba(56,157,234,0.8) !important;*background-color: rgb(56,157,234) !important;border-radius: 2px !important;}\u00a0\u00bb] Nos activit\u00e9s Comp\u00e9tence&hellip;&nbsp;Lire la suite &raquo;Accueil\" \/>\n<meta property=\"og:url\" content=\"https:\/\/fccie.fr\/\" \/>\n<meta property=\"og:site_name\" content=\"Fccie\" \/>\n<meta property=\"article:modified_time\" content=\"2023-09-11T15:37:00+00:00\" \/>\n<meta name=\"twitter:card\" content=\"summary_large_image\" \/>\n<meta name=\"twitter:label1\" content=\"Dur\u00e9e de lecture estim\u00e9e\" \/>\n\t<meta name=\"twitter:data1\" content=\"1 minute\" \/>\n<script type=\"application\/ld+json\" class=\"yoast-schema-graph\">{\"@context\":\"https:\/\/schema.org\",\"@graph\":[{\"@type\":\"WebPage\",\"@id\":\"https:\/\/fccie.fr\/\",\"url\":\"https:\/\/fccie.fr\/\",\"name\":\"Accueil - Fccie\",\"isPartOf\":{\"@id\":\"https:\/\/fccie.fr\/#website\"},\"datePublished\":\"2020-06-16T09:21:36+00:00\",\"dateModified\":\"2023-09-11T15:37:00+00:00\",\"breadcrumb\":{\"@id\":\"https:\/\/fccie.fr\/#breadcrumb\"},\"inLanguage\":\"fr-FR\",\"potentialAction\":[{\"@type\":\"ReadAction\",\"target\":[\"https:\/\/fccie.fr\/\"]}]},{\"@type\":\"BreadcrumbList\",\"@id\":\"https:\/\/fccie.fr\/#breadcrumb\",\"itemListElement\":[{\"@type\":\"ListItem\",\"position\":1,\"name\":\"Home\",\"item\":\"https:\/\/fccie.fr\/\"},{\"@type\":\"ListItem\",\"position\":2,\"name\":\"Accueil\"}]},{\"@type\":\"WebSite\",\"@id\":\"https:\/\/fccie.fr\/#website\",\"url\":\"https:\/\/fccie.fr\/\",\"name\":\"Fccie\",\"description\":\"\",\"potentialAction\":[{\"@type\":\"SearchAction\",\"target\":{\"@type\":\"EntryPoint\",\"urlTemplate\":\"https:\/\/fccie.fr\/?s={search_term_string}\"},\"query-input\":{\"@type\":\"PropertyValueSpecification\",\"valueRequired\":true,\"valueName\":\"search_term_string\"}}],\"inLanguage\":\"fr-FR\"}]}<\/script>\n<!-- \/ Yoast SEO plugin. -->","yoast_head_json":{"title":"Accueil - Fccie","robots":{"index":"index","follow":"follow","max-snippet":"max-snippet:-1","max-image-preview":"max-image-preview:large","max-video-preview":"max-video-preview:-1"},"canonical":"https:\/\/fccie.fr\/","og_locale":"fr_FR","og_type":"article","og_title":"Accueil - Fccie","og_description":"[vc_row content_placement=\u00a0\u00bbmiddle\u00a0\u00bb][vc_column][vc_column_text css_animation=\u00a0\u00bbslideInRight\u00a0\u00bb] FCCIE est un bureau d&rsquo;\u00e9tudes sp\u00e9cialis\u00e9 dans les installations \u00e9lectriques, dans les domaines des courants forts et des courants faibles ainsi que dans la tuyauterie industrielle. FCCIE accompagne ses clients dan leurs projets dans toute la r\u00e9gion Nord-Pas-de-Calais et en Belgique. [\/vc_column_text][\/vc_column][\/vc_row][vc_row][vc_column][vc_separator][\/vc_column][\/vc_row][vc_row][vc_column][vc_column_text css=\u00a0\u00bb.vc_custom_1603284793089{background-color: rgba(56,157,234,0.8) !important;*background-color: rgb(56,157,234) !important;border-radius: 2px !important;}\u00a0\u00bb] Nos activit\u00e9s Comp\u00e9tence&hellip;&nbsp;Lire la suite &raquo;Accueil","og_url":"https:\/\/fccie.fr\/","og_site_name":"Fccie","article_modified_time":"2023-09-11T15:37:00+00:00","twitter_card":"summary_large_image","twitter_misc":{"Dur\u00e9e de lecture estim\u00e9e":"1 minute"},"schema":{"@context":"https:\/\/schema.org","@graph":[{"@type":"WebPage","@id":"https:\/\/fccie.fr\/","url":"https:\/\/fccie.fr\/","name":"Accueil - Fccie","isPartOf":{"@id":"https:\/\/fccie.fr\/#website"},"datePublished":"2020-06-16T09:21:36+00:00","dateModified":"2023-09-11T15:37:00+00:00","breadcrumb":{"@id":"https:\/\/fccie.fr\/#breadcrumb"},"inLanguage":"fr-FR","potentialAction":[{"@type":"ReadAction","target":["https:\/\/fccie.fr\/"]}]},{"@type":"BreadcrumbList","@id":"https:\/\/fccie.fr\/#breadcrumb","itemListElement":[{"@type":"ListItem","position":1,"name":"Home","item":"https:\/\/fccie.fr\/"},{"@type":"ListItem","position":2,"name":"Accueil"}]},{"@type":"WebSite","@id":"https:\/\/fccie.fr\/#website","url":"https:\/\/fccie.fr\/","name":"Fccie","description":"","potentialAction":[{"@type":"SearchAction","target":{"@type":"EntryPoint","urlTemplate":"https:\/\/fccie.fr\/?s={search_term_string}"},"query-input":{"@type":"PropertyValueSpecification","valueRequired":true,"valueName":"search_term_string"}}],"inLanguage":"fr-FR"}]}},"_links":{"self":[{"href":"https:\/\/fccie.fr\/index.php?rest_route=\/wp\/v2\/pages\/56","targetHints":{"allow":["GET"]}}],"collection":[{"href":"https:\/\/fccie.fr\/index.php?rest_route=\/wp\/v2\/pages"}],"about":[{"href":"https:\/\/fccie.fr\/index.php?rest_route=\/wp\/v2\/types\/page"}],"author":[{"embeddable":true,"href":"https:\/\/fccie.fr\/index.php?rest_route=\/wp\/v2\/users\/1"}],"replies":[{"embeddable":true,"href":"https:\/\/fccie.fr\/index.php?rest_route=%2Fwp%2Fv2%2Fcomments&post=56"}],"version-history":[{"count":33,"href":"https:\/\/fccie.fr\/index.php?rest_route=\/wp\/v2\/pages\/56\/revisions"}],"predecessor-version":[{"id":194,"href":"https:\/\/fccie.fr\/index.php?rest_route=\/wp\/v2\/pages\/56\/revisions\/194"}],"wp:attachment":[{"href":"https:\/\/fccie.fr\/index.php?rest_route=%2Fwp%2Fv2%2Fmedia&parent=56"}],"curies":[{"name":"wp","href":"https:\/\/api.w.org\/{rel}","templated":true}]}}