{"id":13,"date":"2020-06-09T08:35:30","date_gmt":"2020-06-09T06:35:30","guid":{"rendered":"http:\/\/dev.fccie.fr\/?page_id=13"},"modified":"2020-10-21T14:50:52","modified_gmt":"2020-10-21T12:50:52","slug":"contact","status":"publish","type":"page","link":"https:\/\/fccie.fr\/?page_id=13","title":{"rendered":"Contact"},"content":{"rendered":"<p>[vc_row full_width=\u00a0\u00bbstretch_row\u00a0\u00bb gap=\u00a0\u00bb10&Prime; equal_height=\u00a0\u00bbyes\u00a0\u00bb][vc_column width=\u00a0\u00bb1\/2&Prime; css=\u00a0\u00bb.vc_custom_1603284585991{background-color: rgba(0,0,0,0.65) !important;*background-color: rgb(0,0,0) !important;}\u00a0\u00bb][vc_custom_heading text=\u00a0\u00bbNous contacter\u00a0\u00bb font_container=\u00a0\u00bbtag:h2|text_align:left|color:%23ffffff\u00a0\u00bb use_theme_fonts=\u00a0\u00bbyes\u00a0\u00bb css=\u00a0\u00bb.vc_custom_1601279701297{padding-right: 35px !important;padding-left: 35px !important;}\u00a0\u00bb][vc_column_text css=\u00a0\u00bb.vc_custom_1602661595546{padding-right: 35px !important;padding-left: 35px !important;}\u00a0\u00bb]<\/p>\n<p style=\"text-align: left;\"><span style=\"color: #ffffff;\">Adresse : Commune de Douvrin H\u00f4tel d&rsquo;entreprises Cellule 3 Parc des industries Artois Flandres 150, rue d&rsquo;Oslo 62138 DOUVRIN<br \/>\nT\u00e9l\u00e9phone : 03.28.48.58.67<br \/>\nHoraires d\u2019ouverture : Du lundi au vendredi de 8 h 30 \u00e0 12 h 00 et de 13 h 30 \u00e0 17 h 00<\/span>[\/vc_column_text][vc_btn title=\u00a0\u00bb<a style=``text-decoration:none; color:white;`` href=``mailto:secretariat@fccie.fr``>Nous contacter<\/a>\u00a0\u00bb style=\u00a0\u00bbcustom\u00a0\u00bb custom_background=\u00a0\u00bbrgba(80,184,229,0.64)\u00a0\u00bb custom_text=\u00a0\u00bb#ffffff\u00a0\u00bb css=\u00a0\u00bb.vc_custom_1603284649324{padding-bottom: 25px !important;padding-left: 35px !important;}\u00a0\u00bb][\/vc_column][vc_column width=\u00a0\u00bb1\/2&Prime;][vc_gmaps link=\u00a0\u00bb#E-8_JTNDaWZyYW1lJTIwc3JjJTNEJTIyaHR0cHMlM0ElMkYlMkZ3d3cuZ29vZ2xlLmNvbSUyRm1hcHMlMkZlbWJlZCUzRnBiJTNEJTIxMW0xOCUyMTFtMTIlMjExbTMlMjExZDEwMTQ2LjE1MTQyMTkxNTg3MyUyMTJkMi44Mjk4MTYxMTM0NDAwMjI0JTIxM2Q1MC41MjQxNjUyMDMyMzAwOCUyMTJtMyUyMTFmMCUyMTJmMCUyMTNmMCUyMTNtMiUyMTFpMTAyNCUyMTJpNzY4JTIxNGYxMy4xJTIxM20zJTIxMW0yJTIxMXMweDQ3ZGQyZjA2NTRiYjQ0MjElMjUzQTB4OTVkZjA2M2VkMDZlN2Y5NCUyMTJzMTUwJTI1MjBSdWUlMjUyMGQlMjYlMjMzOSUzQk9zbG8lMjUyQyUyNTIwNjIxMzglMjUyMERvdXZyaW4lMjE1ZTAlMjEzbTIlMjExc2ZyJTIxMnNmciUyMTR2MTYwMjY2MTY3NDgzMyUyMTVtMiUyMTFzZnIlMjEyc2ZyJTIyJTIwd2lkdGglM0QlMjI2MDAlMjIlMjBoZWlnaHQlM0QlMjI0NTAlMjIlMjBmcmFtZWJvcmRlciUzRCUyMjAlMjIlMjBzdHlsZSUzRCUyMmJvcmRlciUzQTAlM0IlMjIlMjBhbGxvd2Z1bGxzY3JlZW4lM0QlMjIlMjIlMjBhcmlhLWhpZGRlbiUzRCUyMmZhbHNlJTIyJTIwdGFiaW5kZXglM0QlMjIwJTIyJTNFJTNDJTJGaWZyYW1lJTNF\u00a0\u00bb][\/vc_column][\/vc_row]<\/p>\n","protected":false},"excerpt":{"rendered":"<p>[vc_row full_width=\u00a0\u00bbstretch_row\u00a0\u00bb gap=\u00a0\u00bb10&Prime; equal_height=\u00a0\u00bbyes\u00a0\u00bb][vc_column width=\u00a0\u00bb1\/2&Prime; css=\u00a0\u00bb.vc_custom_1603284585991{background-color: rgba(0,0,0,0.65) !important;*background-color: rgb(0,0,0) !important;}\u00a0\u00bb][vc_custom_heading text=\u00a0\u00bbNous contacter\u00a0\u00bb font_container=\u00a0\u00bbtag:h2|text_align:left|color:%23ffffff\u00a0\u00bb use_theme_fonts=\u00a0\u00bbyes\u00a0\u00bb css=\u00a0\u00bb.vc_custom_1601279701297{padding-right: 35px !important;padding-left: 35px !important;}\u00a0\u00bb][vc_column_text css=\u00a0\u00bb.vc_custom_1602661595546{padding-right: 35px !important;padding-left: 35px !important;}\u00a0\u00bb] Adresse : Commune de Douvrin H\u00f4tel d&rsquo;entreprises Cellule 3 Parc des industries Artois Flandres 150, rue d&rsquo;Oslo 62138 DOUVRIN T\u00e9l\u00e9phone : 03.28.48.58.67 Horaires d\u2019ouverture : Du lundi au vendredi de 8&hellip;&nbsp;<a href=\"https:\/\/fccie.fr\/?page_id=13\" rel=\"bookmark\">Lire la suite &raquo;<span class=\"screen-reader-text\">Contact<\/span><\/a><\/p>\n","protected":false},"author":1,"featured_media":0,"parent":0,"menu_order":0,"comment_status":"closed","ping_status":"closed","template":"","meta":{"neve_meta_sidebar":"","neve_meta_container":"","neve_meta_enable_content_width":"off","neve_meta_content_width":0,"neve_meta_title_alignment":"","neve_meta_author_avatar":"","neve_post_elements_order":"","neve_meta_disable_header":"","neve_meta_disable_footer":"","neve_meta_disable_title":"","footnotes":""},"class_list":["post-13","page","type-page","status-publish","hentry"],"yoast_head":"<!-- This site is optimized with the Yoast SEO plugin v25.7 - https:\/\/yoast.com\/wordpress\/plugins\/seo\/ -->\n<title>Contact - Fccie<\/title>\n<meta name=\"robots\" content=\"index, follow, max-snippet:-1, max-image-preview:large, max-video-preview:-1\" \/>\n<link rel=\"canonical\" href=\"https:\/\/fccie.fr\/?page_id=13\" \/>\n<meta property=\"og:locale\" content=\"fr_FR\" \/>\n<meta property=\"og:type\" content=\"article\" \/>\n<meta property=\"og:title\" content=\"Contact - Fccie\" \/>\n<meta property=\"og:description\" content=\"[vc_row full_width=\u00a0\u00bbstretch_row\u00a0\u00bb gap=\u00a0\u00bb10&Prime; equal_height=\u00a0\u00bbyes\u00a0\u00bb][vc_column width=\u00a0\u00bb1\/2&Prime; css=\u00a0\u00bb.vc_custom_1603284585991{background-color: rgba(0,0,0,0.65) !important;*background-color: rgb(0,0,0) !important;}\u00a0\u00bb][vc_custom_heading text=\u00a0\u00bbNous contacter\u00a0\u00bb font_container=\u00a0\u00bbtag:h2|text_align:left|color:%23ffffff\u00a0\u00bb use_theme_fonts=\u00a0\u00bbyes\u00a0\u00bb css=\u00a0\u00bb.vc_custom_1601279701297{padding-right: 35px !important;padding-left: 35px !important;}\u00a0\u00bb][vc_column_text css=\u00a0\u00bb.vc_custom_1602661595546{padding-right: 35px !important;padding-left: 35px !important;}\u00a0\u00bb] Adresse : Commune de Douvrin H\u00f4tel d&rsquo;entreprises Cellule 3 Parc des industries Artois Flandres 150, rue d&rsquo;Oslo 62138 DOUVRIN T\u00e9l\u00e9phone : 03.28.48.58.67 Horaires d\u2019ouverture : Du lundi au vendredi de 8&hellip;&nbsp;Lire la suite &raquo;Contact\" \/>\n<meta property=\"og:url\" content=\"https:\/\/fccie.fr\/?page_id=13\" \/>\n<meta property=\"og:site_name\" content=\"Fccie\" \/>\n<meta property=\"article:modified_time\" content=\"2020-10-21T12:50:52+00:00\" \/>\n<meta name=\"twitter:card\" content=\"summary_large_image\" \/>\n<meta name=\"twitter:label1\" content=\"Dur\u00e9e de lecture estim\u00e9e\" \/>\n\t<meta name=\"twitter:data1\" content=\"1 minute\" \/>\n<script type=\"application\/ld+json\" class=\"yoast-schema-graph\">{\"@context\":\"https:\/\/schema.org\",\"@graph\":[{\"@type\":\"WebPage\",\"@id\":\"https:\/\/fccie.fr\/?page_id=13\",\"url\":\"https:\/\/fccie.fr\/?page_id=13\",\"name\":\"Contact - Fccie\",\"isPartOf\":{\"@id\":\"https:\/\/fccie.fr\/#website\"},\"datePublished\":\"2020-06-09T06:35:30+00:00\",\"dateModified\":\"2020-10-21T12:50:52+00:00\",\"breadcrumb\":{\"@id\":\"https:\/\/fccie.fr\/?page_id=13#breadcrumb\"},\"inLanguage\":\"fr-FR\",\"potentialAction\":[{\"@type\":\"ReadAction\",\"target\":[\"https:\/\/fccie.fr\/?page_id=13\"]}]},{\"@type\":\"BreadcrumbList\",\"@id\":\"https:\/\/fccie.fr\/?page_id=13#breadcrumb\",\"itemListElement\":[{\"@type\":\"ListItem\",\"position\":1,\"name\":\"Home\",\"item\":\"https:\/\/fccie.fr\/\"},{\"@type\":\"ListItem\",\"position\":2,\"name\":\"Contact\"}]},{\"@type\":\"WebSite\",\"@id\":\"https:\/\/fccie.fr\/#website\",\"url\":\"https:\/\/fccie.fr\/\",\"name\":\"Fccie\",\"description\":\"\",\"potentialAction\":[{\"@type\":\"SearchAction\",\"target\":{\"@type\":\"EntryPoint\",\"urlTemplate\":\"https:\/\/fccie.fr\/?s={search_term_string}\"},\"query-input\":{\"@type\":\"PropertyValueSpecification\",\"valueRequired\":true,\"valueName\":\"search_term_string\"}}],\"inLanguage\":\"fr-FR\"}]}<\/script>\n<!-- \/ Yoast SEO plugin. -->","yoast_head_json":{"title":"Contact - Fccie","robots":{"index":"index","follow":"follow","max-snippet":"max-snippet:-1","max-image-preview":"max-image-preview:large","max-video-preview":"max-video-preview:-1"},"canonical":"https:\/\/fccie.fr\/?page_id=13","og_locale":"fr_FR","og_type":"article","og_title":"Contact - Fccie","og_description":"[vc_row full_width=\u00a0\u00bbstretch_row\u00a0\u00bb gap=\u00a0\u00bb10&Prime; equal_height=\u00a0\u00bbyes\u00a0\u00bb][vc_column width=\u00a0\u00bb1\/2&Prime; css=\u00a0\u00bb.vc_custom_1603284585991{background-color: rgba(0,0,0,0.65) !important;*background-color: rgb(0,0,0) !important;}\u00a0\u00bb][vc_custom_heading text=\u00a0\u00bbNous contacter\u00a0\u00bb font_container=\u00a0\u00bbtag:h2|text_align:left|color:%23ffffff\u00a0\u00bb use_theme_fonts=\u00a0\u00bbyes\u00a0\u00bb css=\u00a0\u00bb.vc_custom_1601279701297{padding-right: 35px !important;padding-left: 35px !important;}\u00a0\u00bb][vc_column_text css=\u00a0\u00bb.vc_custom_1602661595546{padding-right: 35px !important;padding-left: 35px !important;}\u00a0\u00bb] Adresse : Commune de Douvrin H\u00f4tel d&rsquo;entreprises Cellule 3 Parc des industries Artois Flandres 150, rue d&rsquo;Oslo 62138 DOUVRIN T\u00e9l\u00e9phone : 03.28.48.58.67 Horaires d\u2019ouverture : Du lundi au vendredi de 8&hellip;&nbsp;Lire la suite &raquo;Contact","og_url":"https:\/\/fccie.fr\/?page_id=13","og_site_name":"Fccie","article_modified_time":"2020-10-21T12:50:52+00:00","twitter_card":"summary_large_image","twitter_misc":{"Dur\u00e9e de lecture estim\u00e9e":"1 minute"},"schema":{"@context":"https:\/\/schema.org","@graph":[{"@type":"WebPage","@id":"https:\/\/fccie.fr\/?page_id=13","url":"https:\/\/fccie.fr\/?page_id=13","name":"Contact - Fccie","isPartOf":{"@id":"https:\/\/fccie.fr\/#website"},"datePublished":"2020-06-09T06:35:30+00:00","dateModified":"2020-10-21T12:50:52+00:00","breadcrumb":{"@id":"https:\/\/fccie.fr\/?page_id=13#breadcrumb"},"inLanguage":"fr-FR","potentialAction":[{"@type":"ReadAction","target":["https:\/\/fccie.fr\/?page_id=13"]}]},{"@type":"BreadcrumbList","@id":"https:\/\/fccie.fr\/?page_id=13#breadcrumb","itemListElement":[{"@type":"ListItem","position":1,"name":"Home","item":"https:\/\/fccie.fr\/"},{"@type":"ListItem","position":2,"name":"Contact"}]},{"@type":"WebSite","@id":"https:\/\/fccie.fr\/#website","url":"https:\/\/fccie.fr\/","name":"Fccie","description":"","potentialAction":[{"@type":"SearchAction","target":{"@type":"EntryPoint","urlTemplate":"https:\/\/fccie.fr\/?s={search_term_string}"},"query-input":{"@type":"PropertyValueSpecification","valueRequired":true,"valueName":"search_term_string"}}],"inLanguage":"fr-FR"}]}},"_links":{"self":[{"href":"https:\/\/fccie.fr\/index.php?rest_route=\/wp\/v2\/pages\/13","targetHints":{"allow":["GET"]}}],"collection":[{"href":"https:\/\/fccie.fr\/index.php?rest_route=\/wp\/v2\/pages"}],"about":[{"href":"https:\/\/fccie.fr\/index.php?rest_route=\/wp\/v2\/types\/page"}],"author":[{"embeddable":true,"href":"https:\/\/fccie.fr\/index.php?rest_route=\/wp\/v2\/users\/1"}],"replies":[{"embeddable":true,"href":"https:\/\/fccie.fr\/index.php?rest_route=%2Fwp%2Fv2%2Fcomments&post=13"}],"version-history":[{"count":23,"href":"https:\/\/fccie.fr\/index.php?rest_route=\/wp\/v2\/pages\/13\/revisions"}],"predecessor-version":[{"id":184,"href":"https:\/\/fccie.fr\/index.php?rest_route=\/wp\/v2\/pages\/13\/revisions\/184"}],"wp:attachment":[{"href":"https:\/\/fccie.fr\/index.php?rest_route=%2Fwp%2Fv2%2Fmedia&parent=13"}],"curies":[{"name":"wp","href":"https:\/\/api.w.org\/{rel}","templated":true}]}}